{"id":10140,"date":"2021-06-09T11:16:48","date_gmt":"2021-06-09T09:16:48","guid":{"rendered":"https:\/\/uueda.ee\/kontakt\/"},"modified":"2023-05-18T21:27:27","modified_gmt":"2023-05-18T19:27:27","slug":"kontakti","status":"publish","type":"page","link":"https:\/\/uueda.ee\/fi\/kontakti\/","title":{"rendered":"Kontakti"},"content":{"rendered":"\t\t<div data-elementor-type=\"wp-page\" data-elementor-id=\"10140\" class=\"elementor elementor-10140 elementor-1302\">\n\t\t\t\t\t\t<section class=\"elementor-section elementor-top-section elementor-element elementor-element-7ef8bf8 elementor-section-full_width qodef-elementor-content-grid elementor-section-height-default elementor-section-height-default\" data-id=\"7ef8bf8\" data-element_type=\"section\" data-e-type=\"section\">\n\t\t\t\t\t\t<div class=\"elementor-container elementor-column-gap-default\">\n\t\t\t\t\t<div class=\"elementor-column elementor-col-50 elementor-top-column elementor-element elementor-element-e4c0baa\" data-id=\"e4c0baa\" data-element_type=\"column\" data-e-type=\"column\">\n\t\t\t<div class=\"elementor-widget-wrap elementor-element-populated\">\n\t\t\t\t\t\t<div class=\"elementor-element elementor-element-8bdf3cb elementor-widget elementor-widget-text-editor\" data-id=\"8bdf3cb\" data-element_type=\"widget\" data-e-type=\"widget\" data-widget_type=\"text-editor.default\">\n\t\t\t\t<div class=\"elementor-widget-container\">\n\t\t\t\t\t\t\t\t\t<h4 style=\"text-align: center;\">Uueda Puhkekeskuksen<\/h4>\n\t\t\t\t\t\t\t\t<\/div>\n\t\t\t\t<\/div>\n\t\t\t\t<div class=\"elementor-element elementor-element-7b6a738 elementor-widget elementor-widget-text-editor\" data-id=\"7b6a738\" data-element_type=\"widget\" data-e-type=\"widget\" data-widget_type=\"text-editor.default\">\n\t\t\t\t<div class=\"elementor-widget-container\">\n\t\t\t\t\t\t\t\t\t<p style=\"text-align: center;\"><a style=\"font-family: Prompt; font-size: 18px; color: #000;\" href=\"https:\/\/www.google.com\/maps\/dir\/\/Uueda+puhkekeskus+Vana+Tallinna+tee+33+Nurme+85004+P%C3%A4rnu+maakond\/@58.4596815,24.5346463,16z\/data=!4m5!4m4!1m0!1m2!1m1!1s0x46ece264dea9b3a5:0x1ee7d689c71a8eb\">Vana-Tallinna mnt 33 Nurme k\u00fcla, Tori vald 85004 P\u00e4rnumaa<\/a><br \/><a style=\"font-family: Prompt; font-size: 18px; color: #000;\" href=\"mailto:info@uueda.ee\">S\u00e4hk\u00f6posti: info@uueda.ee<\/a><br \/><a style=\"font-family: Prompt; font-size: 18px; color: #000;\" href=\"tel:+37256471349\">Puhelin: +372 56 471 349<\/a><\/p>\n\t\t\t\t\t\t\t\t<\/div>\n\t\t\t\t<\/div>\n\t\t\t\t<section class=\"elementor-section elementor-inner-section elementor-element elementor-element-114dfed elementor-section-boxed elementor-section-height-default elementor-section-height-default qodef-elementor-content-no\" data-id=\"114dfed\" data-element_type=\"section\" data-e-type=\"section\">\n\t\t\t\t\t\t<div class=\"elementor-container elementor-column-gap-default\">\n\t\t\t\t\t<div class=\"elementor-column elementor-col-100 elementor-inner-column elementor-element elementor-element-6caa364\" data-id=\"6caa364\" data-element_type=\"column\" data-e-type=\"column\">\n\t\t\t<div class=\"elementor-widget-wrap elementor-element-populated\">\n\t\t\t\t\t\t<div class=\"elementor-element elementor-element-f160717 elementor-widget__width-initial elementor-widget elementor-widget-kamperen_core_icon\" data-id=\"f160717\" data-element_type=\"widget\" data-e-type=\"widget\" data-widget_type=\"kamperen_core_icon.default\">\n\t\t\t\t<div class=\"elementor-widget-container\">\n\t\t\t\t\t<span class=\"qodef-shortcode qodef-m  qodef-icon-holder qodef-size--default qodef-layout--normal\"  style=\"margin: 0 0 0 5%\">\n\t\t\t<a itemprop=\"url\" href=\"https:\/\/www.facebook.com\/uuedapuhkekeskus\" target=\"_blank\">\n\t\t\t<span class=\"qodef-icon-font-awesome fab fa-facebook-f qodef-icon qodef-e\" style=\"font-size: 20px\" ><\/span>\t\t\t<\/a>\n\t<\/span>\n\t\t\t\t<\/div>\n\t\t\t\t<\/div>\n\t\t\t\t<div class=\"elementor-element elementor-element-4cfc4a0 elementor-widget__width-initial elementor-widget elementor-widget-kamperen_core_icon\" data-id=\"4cfc4a0\" data-element_type=\"widget\" data-e-type=\"widget\" data-widget_type=\"kamperen_core_icon.default\">\n\t\t\t\t<div class=\"elementor-widget-container\">\n\t\t\t\t\t<span class=\"qodef-shortcode qodef-m  qodef-icon-holder qodef-size--default qodef-layout--normal\"  >\n\t\t\t<a itemprop=\"url\" href=\"https:\/\/www.instagram.com\/uueda.ee\/\" target=\"_blank\">\n\t\t\t<span class=\"qodef-icon-font-awesome fab fa-instagram qodef-icon qodef-e\" style=\"font-size: 20px\" ><\/span>\t\t\t<\/a>\n\t<\/span>\n\t\t\t\t<\/div>\n\t\t\t\t<\/div>\n\t\t\t\t\t<\/div>\n\t\t<\/div>\n\t\t\t\t\t<\/div>\n\t\t<\/section>\n\t\t\t\t<div class=\"elementor-element elementor-element-3d6f50d elementor-widget elementor-widget-text-editor\" data-id=\"3d6f50d\" data-element_type=\"widget\" data-e-type=\"widget\" data-widget_type=\"text-editor.default\">\n\t\t\t\t<div class=\"elementor-widget-container\">\n\t\t\t\t\t\t\t\t\t<p style=\"text-align: center;\">Kuinka l\u00f6yt\u00e4\u00e4 meid\u00e4t?<\/p>\n\t\t\t\t\t\t\t\t<\/div>\n\t\t\t\t<\/div>\n\t\t\t\t<div class=\"elementor-element elementor-element-c99f4ec elementor-widget elementor-widget-text-editor\" data-id=\"c99f4ec\" data-element_type=\"widget\" data-e-type=\"widget\" data-widget_type=\"text-editor.default\">\n\t\t\t\t<div class=\"elementor-widget-container\">\n\t\t\t\t\t\t\t\t\t<p class=\"p1\" style=\"text-align: center;\">Ajettaessa noin 5 km P\u00e4rnun kaupungin rajalta Tallinnan suuntaan, ylit\u00e4t Sauga-joen sillan ja k\u00e4\u00e4nnyt oikealle mahdollisimman pian (k\u00e4\u00e4nn\u00f6ksen j\u00e4lkeen l\u00f6yd\u00e4t jo Uueda Puhkekeskuksen kyltin) Jatka 2 km vanhaa Tallinnan maantiet\u00e4 pitkin. Pian n\u00e4et tien oikealla puolella UUEDAN merkin, jonka j\u00e4lkeen k\u00e4\u00e4nny oikealle ja olet perill\u00e4!<\/p>\n\t\t\t\t\t\t\t\t<\/div>\n\t\t\t\t<\/div>\n\t\t\t\t\t<\/div>\n\t\t<\/div>\n\t\t\t\t<div class=\"elementor-column elementor-col-50 elementor-top-column elementor-element elementor-element-39b8df4\" data-id=\"39b8df4\" data-element_type=\"column\" data-e-type=\"column\">\n\t\t\t<div class=\"elementor-widget-wrap elementor-element-populated\">\n\t\t\t\t\t\t<div class=\"elementor-element elementor-element-cba72a9 elementor-widget elementor-widget-text-editor\" data-id=\"cba72a9\" data-element_type=\"widget\" data-e-type=\"widget\" data-widget_type=\"text-editor.default\">\n\t\t\t\t<div class=\"elementor-widget-container\">\n\t\t\t\t\t\t\t\t\t<h4 style=\"text-align: center;\">Miten saame auttaa?<\/h4>\n\t\t\t\t\t\t\t\t<\/div>\n\t\t\t\t<\/div>\n\t\t\t\t<div class=\"elementor-element elementor-element-73e1158 elementor-widget elementor-widget-wp-widget-kamperen_core_contact_form_7\" data-id=\"73e1158\" data-element_type=\"widget\" data-e-type=\"widget\" data-widget_type=\"wp-widget-kamperen_core_contact_form_7.default\">\n\t\t\t\t<div class=\"elementor-widget-container\">\n\t\t\t\t\t\t\t\t<div class=\"qodef-contact-form-7\">\n\t\t\t\t\n<div class=\"wpcf7 no-js\" id=\"wpcf7-f10150-o1\" lang=\"fi\" dir=\"ltr\" data-wpcf7-id=\"10150\">\n<div class=\"screen-reader-response\"><p role=\"status\" aria-live=\"polite\" aria-atomic=\"true\"><\/p> <ul><\/ul><\/div>\n<form action=\"\/fi\/wp-json\/wp\/v2\/pages\/10140#wpcf7-f10150-o1\" method=\"post\" class=\"wpcf7-form init\" aria-label=\"Yhteydenottolomake\" novalidate=\"novalidate\" data-status=\"init\">\n<fieldset class=\"hidden-fields-container\"><input type=\"hidden\" name=\"_wpcf7\" value=\"10150\" \/><input type=\"hidden\" name=\"_wpcf7_version\" value=\"6.1.5\" \/><input type=\"hidden\" name=\"_wpcf7_locale\" value=\"fi\" \/><input type=\"hidden\" name=\"_wpcf7_unit_tag\" value=\"wpcf7-f10150-o1\" \/><input type=\"hidden\" name=\"_wpcf7_container_post\" value=\"0\" \/><input type=\"hidden\" name=\"_wpcf7_posted_data_hash\" value=\"\" \/>\n<\/fieldset>\n<div class=\"qodef-contact-form-style qodef-contact-form-style-2\">\n <div class=\"qodef-contact-form-grid-style\">\n<span class=\"wpcf7-form-control-wrap\" data-name=\"nimi\"><input size=\"40\" maxlength=\"400\" class=\"wpcf7-form-control wpcf7-text wpcf7-validates-as-required\" aria-required=\"true\" aria-invalid=\"false\" placeholder=\"Nimi *\" value=\"\" type=\"text\" name=\"nimi\" \/><\/span>\n<span class=\"wpcf7-form-control-wrap\" data-name=\"telefon\"><input size=\"40\" maxlength=\"400\" class=\"wpcf7-form-control wpcf7-tel wpcf7-validates-as-required wpcf7-text wpcf7-validates-as-tel\" aria-required=\"true\" aria-invalid=\"false\" placeholder=\"Puhelin *\" value=\"\" type=\"tel\" name=\"telefon\" \/><\/span>\n<span class=\"wpcf7-form-control-wrap\" data-name=\"e-post\"><input size=\"40\" maxlength=\"400\" class=\"wpcf7-form-control wpcf7-email wpcf7-validates-as-required wpcf7-text wpcf7-validates-as-email\" aria-required=\"true\" aria-invalid=\"false\" placeholder=\"S\u00e4hk\u00f6posti *\" value=\"\" type=\"email\" name=\"e-post\" \/><\/span><\/div>\n<div>Teenused: <span class=\"wpcf7-form-control-wrap\" data-name=\"teenused\"><span class=\"wpcf7-form-control wpcf7-checkbox\"><span class=\"wpcf7-list-item first\"><label><input type=\"checkbox\" name=\"teenused[]\" value=\"Majoitus\" \/><span class=\"wpcf7-list-item-label\">Majoitus<\/span><\/label><\/span><span class=\"wpcf7-list-item\"><label><input type=\"checkbox\" name=\"teenused[]\" value=\"Tapahtumat\" \/><span class=\"wpcf7-list-item-label\">Tapahtumat<\/span><\/label><\/span><span class=\"wpcf7-list-item\"><label><input type=\"checkbox\" name=\"teenused[]\" value=\"Semin\u00e4\u00e4rit\" \/><span class=\"wpcf7-list-item-label\">Semin\u00e4\u00e4rit<\/span><\/label><\/span><span class=\"wpcf7-list-item last\"><label><input type=\"checkbox\" name=\"teenused[]\" value=\"Rentoutuminen\" \/><span class=\"wpcf7-list-item-label\">Rentoutuminen<\/span><\/label><\/span><\/span><\/span><\/div>\n<div><span class=\"wpcf7-form-control-wrap\" data-name=\"uritus-nimi\"><input size=\"40\" maxlength=\"400\" class=\"wpcf7-form-control wpcf7-text\" aria-invalid=\"false\" placeholder=\"Tapahtuman nimi\" value=\"\" type=\"text\" name=\"uritus-nimi\" \/><\/span><\/div>\n<div>Toitlustuse soov: <span class=\"wpcf7-form-control-wrap\" data-name=\"toitlustusesoov\"><span class=\"wpcf7-form-control wpcf7-checkbox wpcf7-exclusive-checkbox\"><span class=\"wpcf7-list-item first\"><label><input type=\"checkbox\" name=\"toitlustusesoov\" value=\"Kyll\u00e4\" \/><span class=\"wpcf7-list-item-label\">Kyll\u00e4<\/span><\/label><\/span><span class=\"wpcf7-list-item last\"><label><input type=\"checkbox\" name=\"toitlustusesoov\" value=\"Ei\" \/><span class=\"wpcf7-list-item-label\">Ei<\/span><\/label><\/span><\/span><\/span><\/div>\n<span class=\"wpcf7-form-control-wrap\" data-name=\"tekst\"><textarea cols=\"10\" rows=\"6\" maxlength=\"2000\" class=\"wpcf7-form-control wpcf7-textarea wpcf7-validates-as-required\" aria-required=\"true\" aria-invalid=\"false\" placeholder=\"Kuvaile tarkemmin toiveesi *\" name=\"tekst\"><\/textarea><\/span>\n\n    <button class=\"wpcf7-form-control wpcf7-submit qodef-shortcode qodef-m  qodef-button qodef-layout--textual  qodef-html--link\" type=\"submit\"><span class=\"qodef-m-text\">L\u00e4het\u00e4<\/span><span class=\"qodef-m-icon\"><svg xmlns=\"http:\/\/www.w3.org\/2000\/svg\" width=\"20.053\" height=\"10.039\" viewBox=\"0 0 20.053 10.039\"><path d=\"M17.474,11.444a.683.683,0,0,0-.005.962l3.179,3.184H3.549a.68.68,0,0,0,0,1.359H20.643l-3.179,3.184a.688.688,0,0,0,.005.962.677.677,0,0,0,.957-.005l4.308-4.34h0a.763.763,0,0,0,.141-.214.649.649,0,0,0,.052-.261.681.681,0,0,0-.193-.476l-4.308-4.34A.666.666,0,0,0,17.474,11.444Z\" transform=\"translate(-2.875 -11.252)\"><\/path><\/svg><\/span><\/button>\n<\/div><div class=\"wpcf7-response-output\" aria-hidden=\"true\"><\/div>\n<\/form>\n<\/div>\n\t\t\t<\/div>\n\t\t\t\t\t\t\t<\/div>\n\t\t\t\t<\/div>\n\t\t\t\t\t<\/div>\n\t\t<\/div>\n\t\t\t\t\t<\/div>\n\t\t<\/section>\n\t\t\t\t<section class=\"elementor-section elementor-top-section elementor-element elementor-element-29779f6 elementor-section-full_width qodef-elementor-content-grid elementor-section-height-default elementor-section-height-default\" data-id=\"29779f6\" data-element_type=\"section\" data-e-type=\"section\" id=\"kaart\">\n\t\t\t\t\t\t<div class=\"elementor-container elementor-column-gap-default\">\n\t\t\t\t\t<div class=\"elementor-column elementor-col-100 elementor-top-column elementor-element elementor-element-104da44\" data-id=\"104da44\" data-element_type=\"column\" data-e-type=\"column\">\n\t\t\t<div class=\"elementor-widget-wrap elementor-element-populated\">\n\t\t\t\t\t\t<div class=\"elementor-element elementor-element-e65e824 elementor-widget elementor-widget-google_maps\" data-id=\"e65e824\" data-element_type=\"widget\" data-e-type=\"widget\" data-widget_type=\"google_maps.default\">\n\t\t\t\t<div class=\"elementor-widget-container\">\n\t\t\t\t\t\t\t<div class=\"elementor-custom-embed\">\n\t\t\t<iframe loading=\"lazy\"\n\t\t\t\t\tsrc=\"https:\/\/maps.google.com\/maps?q=Uueda%20puhkekeskus&#038;t=m&#038;z=16&#038;output=embed&#038;iwloc=near\"\n\t\t\t\t\ttitle=\"Uueda puhkekeskus\"\n\t\t\t\t\taria-label=\"Uueda puhkekeskus\"\n\t\t\t><\/iframe>\n\t\t<\/div>\n\t\t\t\t\t\t<\/div>\n\t\t\t\t<\/div>\n\t\t\t\t\t<\/div>\n\t\t<\/div>\n\t\t\t\t\t<\/div>\n\t\t<\/section>\n\t\t\t\t<\/div>\n\t\t","protected":false},"excerpt":{"rendered":"<p>Uueda Puhkekeskuksen Vana-Tallinna mnt 33 Nurme k\u00fcla, Tori vald 85004 P\u00e4rnumaa S\u00e4hk\u00f6posti: info@uueda.ee Puhelin: +372 56 471 349 Kuinka l\u00f6yt\u00e4\u00e4 meid\u00e4t? Ajettaessa noin 5 km P\u00e4rnun kaupungin rajalta Tallinnan suuntaan, ylit\u00e4t Sauga-joen sillan ja k\u00e4\u00e4nnyt oikealle mahdollisimman pian (k\u00e4\u00e4nn\u00f6ksen j\u00e4lkeen l\u00f6yd\u00e4t jo Uueda Puhkekeskuksen kyltin) Jatka 2 km vanhaa Tallinnan maantiet\u00e4 pitkin. Pian n\u00e4et tien [&hellip;]<\/p>\n","protected":false},"author":2,"featured_media":0,"parent":0,"menu_order":0,"comment_status":"closed","ping_status":"closed","template":"page-full-width.php","meta":{"footnotes":""},"class_list":["post-10140","page","type-page","status-publish","hentry"],"_links":{"self":[{"href":"https:\/\/uueda.ee\/fi\/wp-json\/wp\/v2\/pages\/10140","targetHints":{"allow":["GET"]}}],"collection":[{"href":"https:\/\/uueda.ee\/fi\/wp-json\/wp\/v2\/pages"}],"about":[{"href":"https:\/\/uueda.ee\/fi\/wp-json\/wp\/v2\/types\/page"}],"author":[{"embeddable":true,"href":"https:\/\/uueda.ee\/fi\/wp-json\/wp\/v2\/users\/2"}],"replies":[{"embeddable":true,"href":"https:\/\/uueda.ee\/fi\/wp-json\/wp\/v2\/comments?post=10140"}],"version-history":[{"count":12,"href":"https:\/\/uueda.ee\/fi\/wp-json\/wp\/v2\/pages\/10140\/revisions"}],"predecessor-version":[{"id":10406,"href":"https:\/\/uueda.ee\/fi\/wp-json\/wp\/v2\/pages\/10140\/revisions\/10406"}],"wp:attachment":[{"href":"https:\/\/uueda.ee\/fi\/wp-json\/wp\/v2\/media?parent=10140"}],"curies":[{"name":"wp","href":"https:\/\/api.w.org\/{rel}","templated":true}]}}